{"id":26,"date":"2022-12-09T14:01:26","date_gmt":"2022-12-09T13:01:26","guid":{"rendered":"https:\/\/grafikart.si\/?page_id=26"},"modified":"2022-12-09T14:39:25","modified_gmt":"2022-12-09T13:39:25","slug":"grafikart","status":"publish","type":"page","link":"https:\/\/grafikart.si\/","title":{"rendered":""},"content":{"rendered":"\n<h3 class=\"wp-block-heading\"><strong>oblikovanje, grafi\u010dni prelom in priprava za tisk<\/strong><\/h3>\n\n\n\n<p>Ukvarjamo se z oblikovanjem in izvedbo tiskovin, kot so knjige, revije, katalogi, bilteni, glasila, etikete, vizitke \u2026.<br>Prednosti na\u0161ega dela so ugodna cena, kvaliteten design in hitra odzivnost in nenazadnje \u0161tirideset let izku\u0161enj v tiskarstvu.&nbsp;To potrjujejo tudi \u0161tevilne stranke s katerimi sodelujemo.<\/p>\n\n\n\n<p>Priprava za tisk je pomemben \u010dlen v tiskarskem procesu in predpogoj za kvalitetno in cenovno ugodno izdelavo vseh tiskarskih izdelkov.&nbsp;V na\u0161em grafi\u010dnem studiu lahko ponudimo vse, kar je za to potrebno.<\/p>\n\n\n\n<p>Ne veste kako bi pri\u0161li do knjige, prospekta, mape, razglednice, vabila, etiket \u2013 tudi manj\u0161ih koli\u010din, vizitk, raznih obrazcev, dopisov \u2026<br><strong>Pokli\u010dite nas in va\u0161e ideje bodo postale realnost!<\/strong><\/p>\n\n\n\n<h3 class=\"has-medium-font-size wp-block-heading\">Kontakt:<\/h3>\n\n\n\n<p>Grafikart Turk &amp; Co., d.n.o.<br>grafi\u010dna dejavnost in trgovina<\/p>\n\n\n\n<p>Kro\u017ena cesta 30, Vrtojba<br>5290 \u0160empeter pri Gorici<\/p>\n\n\n\n<p>e: info@grafikart.si<br>gsm:\u00a0+386 41 55 77 26<\/p>\n","protected":false},"excerpt":{"rendered":"<p>oblikovanje, grafi\u010dni prelom in priprava za tisk Ukvarjamo se z oblikovanjem in izvedbo tiskovin, kot so knjige, revije, katalogi, bilteni, glasila, etikete, vizitke \u2026.Prednosti na\u0161ega dela so ugodna cena, kvaliteten design in hitra odzivnost in nenazadnje \u0161tirideset let izku\u0161enj v tiskarstvu.&nbsp;To potrjujejo tudi \u0161tevilne stranke s katerimi sodelujemo. Priprava za tisk je pomemben \u010dlen v &hellip; <a href=\"https:\/\/grafikart.si\/\" class=\"more-link\">Continue reading<span class=\"screen-reader-text\"> &#8220;&#8221;<\/span><\/a><\/p>\n","protected":false},"author":1,"featured_media":17,"parent":0,"menu_order":0,"comment_status":"closed","ping_status":"closed","template":"","meta":{"footnotes":""},"class_list":["post-26","page","type-page","status-publish","has-post-thumbnail","hentry"],"_links":{"self":[{"href":"https:\/\/grafikart.si\/index.php\/wp-json\/wp\/v2\/pages\/26","targetHints":{"allow":["GET"]}}],"collection":[{"href":"https:\/\/grafikart.si\/index.php\/wp-json\/wp\/v2\/pages"}],"about":[{"href":"https:\/\/grafikart.si\/index.php\/wp-json\/wp\/v2\/types\/page"}],"author":[{"embeddable":true,"href":"https:\/\/grafikart.si\/index.php\/wp-json\/wp\/v2\/users\/1"}],"replies":[{"embeddable":true,"href":"https:\/\/grafikart.si\/index.php\/wp-json\/wp\/v2\/comments?post=26"}],"version-history":[{"count":3,"href":"https:\/\/grafikart.si\/index.php\/wp-json\/wp\/v2\/pages\/26\/revisions"}],"predecessor-version":[{"id":36,"href":"https:\/\/grafikart.si\/index.php\/wp-json\/wp\/v2\/pages\/26\/revisions\/36"}],"wp:featuredmedia":[{"embeddable":true,"href":"https:\/\/grafikart.si\/index.php\/wp-json\/wp\/v2\/media\/17"}],"wp:attachment":[{"href":"https:\/\/grafikart.si\/index.php\/wp-json\/wp\/v2\/media?parent=26"}],"curies":[{"name":"wp","href":"https:\/\/api.w.org\/{rel}","templated":true}]}}